{"id":563,"date":"2023-01-17T09:58:20","date_gmt":"2023-01-17T08:58:20","guid":{"rendered":"https:\/\/test8.microlabhard.com\/diagonal-assessoraments\/qui-som\/"},"modified":"2023-04-03T08:48:20","modified_gmt":"2023-04-03T07:48:20","slug":"qui-som","status":"publish","type":"page","link":"https:\/\/diagonal-assessoraments.es\/ca\/qui-som\/","title":{"rendered":"Qui Som"},"content":{"rendered":"<div class=\"wpb-content-wrapper\"><p>[vc_row full_width=&#8221;stretch_row&#8221; conditional_render=&#8221;%5B%7B%22value_role%22%3A%22administrator%22%7D%5D&#8221; css=&#8221;.vc_custom_1673957380666{padding-top: 30px !important;padding-bottom: 30px !important;}&#8221;][vc_column css=&#8221;.vc_custom_1673947792904{padding-top: 25px !important;padding-right: 25px !important;padding-bottom: 25px !important;padding-left: 25px !important;background-position: center !important;background-repeat: no-repeat !important;background-size: cover !important;}&#8221; conditional_render=&#8221;%5B%7B%22value_role%22%3A%22administrator%22%7D%5D&#8221;][vc_custom_heading text=&#8221;Som una empresa de serveis d&#8217;assessorament i gesti\u00f3 d&#8217;empreses des de l&#8217;any 1994 i oferim un servei integral en assessorament fiscal, laboral, comptable, mercantil i jur\u00eddic.&#8221; font_container=&#8221;tag:h2|text_align:center&#8221; use_theme_fonts=&#8221;yes&#8221; font_weight=&#8221;400&#8243; animation_delay=&#8221;100&#8243; css=&#8221;.vc_custom_1674201651716{margin-bottom: 0px !important;}&#8221; animation_type=&#8221;fadeInUp&#8221;][\/vc_column][\/vc_row][vc_row animation_delay=&#8221;200&#8243; conditional_render=&#8221;%5B%7B%22value_role%22%3A%22administrator%22%7D%5D&#8221; el_class=&#8221;MLH_equipoprofesionales&#8221; animation_type=&#8221;fadeInRight&#8221;][vc_column width=&#8221;1\/3&#8243; css=&#8221;.vc_custom_1673957133062{background-position: center !important;background-repeat: no-repeat !important;background-size: cover !important;}&#8221; conditional_render=&#8221;%5B%7B%22value_role%22%3A%22administrator%22%7D%5D&#8221; el_class=&#8221;MLH_centrado&#8221;][vc_single_image image=&#8221;540&#8243; img_size=&#8221;250&#215;70&#8243; css=&#8221;.vc_custom_1673957182948{margin-bottom: 0px !important;}&#8221;][\/vc_column][vc_column width=&#8221;2\/3&#8243;][vc_column_text css=&#8221;.vc_custom_1673957063189{padding-left: 30px !important;}&#8221;]El nostre equip de professionals, entre els quals comptem amb titulats comptables, experts fiscals, graduats socials i advocats, tots ells amb una formaci\u00f3 s\u00f2lida i una dilatada experi\u00e8ncia, li ofereix total garantia en la soluci\u00f3 als problemes que puguin plantejar-se en la seva activitat econ\u00f2mica i en tots els aspectes jur\u00eddics de la seva empresa.<\/p>\n<p>En mat\u00e8ries que requereixen un assessorament espec\u00edfic, DIAGONAL ASSESSORAMENTS t\u00e9 subscrits pactes de col\u00b7laboraci\u00f3 amb altres professionals de sectors diferenciats com s\u00f3n la protecci\u00f3 de dades, la prevenci\u00f3 de riscos laborals i les assegurances generals.[\/vc_column_text][\/vc_column][\/vc_row][vc_row][vc_column]<div class=\"porto-block\" data-id=\"588\"><style>.vc_custom_1673354518444{padding-top: 50px !important;padding-bottom: 50px !important;}.vc_custom_1674201082461{margin-bottom: 0px !important;}.vc_custom_1674127921562{padding-top: 0px !important;padding-right: 10px !important;padding-bottom: 0px !important;padding-left: 10px !important;}.vc_custom_1674127929146{padding-top: 0px !important;padding-right: 10px !important;padding-bottom: 0px !important;padding-left: 10px !important;}.vc_custom_1674127937378{padding-top: 0px !important;padding-right: 10px !important;padding-bottom: 0px !important;padding-left: 10px !important;}.vc_custom_1674127950794{padding-top: 0px !important;padding-right: 10px !important;padding-bottom: 0px !important;padding-left: 10px !important;}.vc_custom_1677161478182{padding-top: 1rem !important;padding-right: 2rem !important;padding-bottom: 0.5rem !important;padding-left: 2rem !important;}.vc_custom_1674201204440{padding-top: 1rem !important;padding-right: 2rem !important;padding-bottom: 0.5rem !important;padding-left: 2rem !important;}.vc_custom_1674201198598{padding-top: 1rem !important;padding-right: 2rem !important;padding-bottom: 0.5rem !important;padding-left: 2rem !important;}.vc_custom_1674201177339{padding-top: 1rem !important;padding-right: 2rem !important;padding-bottom: 0.5rem !important;padding-left: 2rem !important;}.vc_custom_1674127921562{padding-top: 0px !important;padding-right: 10px !important;padding-bottom: 0px !important;padding-left: 10px !important;}.vc_custom_1674127929146{padding-top: 0px !important;padding-right: 10px !important;padding-bottom: 0px !important;padding-left: 10px !important;}.vc_custom_1674127937378{padding-top: 0px !important;padding-right: 10px !important;padding-bottom: 0px !important;padding-left: 10px !important;}.vc_custom_1674127950794{padding-top: 0px !important;padding-right: 10px !important;padding-bottom: 0px !important;padding-left: 10px !important;}.vc_custom_1674201233755{padding-top: 1rem !important;padding-right: 2rem !important;padding-bottom: 0.5rem !important;padding-left: 2rem !important;}.vc_custom_1674201245465{padding-top: 1rem !important;padding-right: 2rem !important;padding-bottom: 0.5rem !important;padding-left: 2rem !important;}.vc_custom_1674636594679{padding-top: 1rem !important;padding-right: 2rem !important;padding-bottom: 0.5rem !important;padding-left: 2rem !important;}.vc_custom_1674201293751{padding-top: 1rem !important;padding-right: 2rem !important;padding-bottom: 0.5rem !important;padding-left: 2rem !important;}.wpb_custom_9d269a5422b17003fa43cc006bdd8968.porto-sicon-box.top-icon{text-align: center;}.porto-sicon-box.wpb_custom_9d269a5422b17003fa43cc006bdd8968 .porto-icon, .porto-sicon-box.wpb_custom_9d269a5422b17003fa43cc006bdd8968 .porto-sicon-img{margin-bottom: 30px;}.wpb_custom_9d269a5422b17003fa43cc006bdd8968 .porto-sicon-title{font-weight:600;}<\/style>[vc_row full_width=\"stretch_row\" conditional_render=\"%5B%7B%22value_role%22%3A%22administrator%22%7D%5D\" el_id=\"serveis\" css=\".vc_custom_1673354518444{padding-top: 50px !important;padding-bottom: 50px !important;}\"][vc_column][vc_custom_heading text=\"QUE FEM\" font_container=\"tag:p|text_align:center|color:%23757575\" use_theme_fonts=\"yes\" font_weight=\"500\" letter_spacing=\"1.5\" animation_delay=\"100\" css=\".vc_custom_1674201082461{margin-bottom: 0px !important;}\" animation_type=\"fadeInUp\"][vc_custom_heading text=\"Els nostres Serveis\" font_container=\"tag:h2|text_align:center\" use_theme_fonts=\"yes\" font_weight=\"700\" animation_delay=\"250\" animation_type=\"fadeInUp\"][vc_row_inner][vc_column_inner width=\"1\/4\" css=\".vc_custom_1674127921562{padding-top: 0px !important;padding-right: 10px !important;padding-bottom: 0px !important;padding-left: 10px !important;}\"]<a aria-label=\"Jur\u00eddic\" class=\"porto-sicon-box-link\" href=\"https:\/\/diagonal-assessoraments.es\/servicios\/#area-juridica\"><div class=\"porto-sicon-box  vc_custom_1677161478182 MLH_servicio  wpb_custom_9d269a5422b17003fa43cc006bdd8968 style_2 top-icon\" data-appear-animation=\"fadeInUp\" data-appear-animation-delay=\"100\"><div class=\"porto-sicon-top\"><div class=\"porto-just-icon-wrapper porto-sicon-img  porto-icon-9f5d1cfb45d27d96b50bf473aebba227\" style=\"font-size: 80px;\"><img loading=\"lazy\" decoding=\"async\" class=\"img-icon\" alt=\"Servicio jur\u00eddico\" src=\"https:\/\/diagonal-assessoraments.es\/wp-content\/uploads\/2023\/01\/juridico2.png\" width=\"512\" height=\"512\" \/><\/div><\/div><div class=\"porto-sicon-header\"><h3 class=\"porto-sicon-title\" style=\"\">Jur\u00eddic<\/h3><\/div> <!-- header --><div class=\"porto-sicon-description\" style=\"color:#222529;\">Disposem de graduats socials i advocats per a poder oferir-li la soluci\u00f3 a qualsevol reclamaci\u00f3.<\/p>\n<p><strong>SABER M\u00c9S +<\/strong><\/div> <!-- description --><\/div><!-- porto-sicon-box --><\/a>[\/vc_column_inner][vc_column_inner width=\"1\/4\" css=\".vc_custom_1674127929146{padding-top: 0px !important;padding-right: 10px !important;padding-bottom: 0px !important;padding-left: 10px !important;}\"]<a aria-label=\"Mercantil\" class=\"porto-sicon-box-link\" href=\"https:\/\/diagonal-assessoraments.es\/servicios\/#area-mercantil\"><div class=\"porto-sicon-box  vc_custom_1674201204440 MLH_servicio  wpb_custom_9d269a5422b17003fa43cc006bdd8968 style_2 top-icon\" data-appear-animation=\"fadeInUp\" data-appear-animation-delay=\"300\"><div class=\"porto-sicon-top\"><div class=\"porto-just-icon-wrapper porto-sicon-img  porto-icon-9f5d1cfb45d27d96b50bf473aebba227\" style=\"font-size: 80px;\"><img loading=\"lazy\" decoding=\"async\" class=\"img-icon\" alt=\"Servicio Mercantil\" src=\"https:\/\/diagonal-assessoraments.es\/wp-content\/uploads\/2023\/01\/mercantil2.png\" width=\"512\" height=\"512\" \/><\/div><\/div><div class=\"porto-sicon-header\"><h3 class=\"porto-sicon-title\" style=\"\">Mercantil<\/h3><\/div> <!-- header --><div class=\"porto-sicon-description\" style=\"color:#222529;\">Podemos oferir-li una \u00e0mplia cobertura de serveis, tant en mat\u00e8ria civil com mercantil.<\/p>\n<p><strong>SABER M\u00c9S +<\/strong><\/div> <!-- description --><\/div><!-- porto-sicon-box --><\/a>[\/vc_column_inner][vc_column_inner width=\"1\/4\" css=\".vc_custom_1674127937378{padding-top: 0px !important;padding-right: 10px !important;padding-bottom: 0px !important;padding-left: 10px !important;}\"]<a aria-label=\"Comptable\" class=\"porto-sicon-box-link\" href=\"https:\/\/diagonal-assessoraments.es\/servicios\/#area-contable\"><div class=\"porto-sicon-box  vc_custom_1674201198598 MLH_servicio  wpb_custom_9d269a5422b17003fa43cc006bdd8968 style_2 top-icon\" data-appear-animation=\"fadeInUp\" data-appear-animation-delay=\"600\"><div class=\"porto-sicon-top\"><div class=\"porto-just-icon-wrapper porto-sicon-img  porto-icon-9f5d1cfb45d27d96b50bf473aebba227\" style=\"font-size: 80px;\"><img loading=\"lazy\" decoding=\"async\" class=\"img-icon\" alt=\"Servicio contable\" src=\"https:\/\/diagonal-assessoraments.es\/wp-content\/uploads\/2023\/01\/contable2.png\" width=\"512\" height=\"512\" \/><\/div><\/div><div class=\"porto-sicon-header\"><h3 class=\"porto-sicon-title\" style=\"\">Comptable<\/h3><\/div> <!-- header --><div class=\"porto-sicon-description\" style=\"color:#222529;\">Li oferim de manera continuada un assessorament integral de la seva comptabilitat.<\/p>\n<p><strong>SABER M\u00c9S +<\/strong><\/div> <!-- description --><\/div><!-- porto-sicon-box --><\/a>[\/vc_column_inner][vc_column_inner width=\"1\/4\" css=\".vc_custom_1674127950794{padding-top: 0px !important;padding-right: 10px !important;padding-bottom: 0px !important;padding-left: 10px !important;}\"]<a aria-label=\"Fiscal\" class=\"porto-sicon-box-link\" href=\"https:\/\/diagonal-assessoraments.es\/servicios\/#area-fiscal\"><div class=\"porto-sicon-box  vc_custom_1674201177339 MLH_servicio  wpb_custom_9d269a5422b17003fa43cc006bdd8968 style_2 top-icon\" data-appear-animation=\"fadeInUp\" data-appear-animation-delay=\"900\"><div class=\"porto-sicon-top\"><div class=\"porto-just-icon-wrapper porto-sicon-img  porto-icon-9f5d1cfb45d27d96b50bf473aebba227\" style=\"font-size: 80px;\"><img loading=\"lazy\" decoding=\"async\" class=\"img-icon\" alt=\"Servicio fiscal\" src=\"https:\/\/diagonal-assessoraments.es\/wp-content\/uploads\/2023\/01\/fiscal2.png\" width=\"512\" height=\"512\" \/><\/div><\/div><div class=\"porto-sicon-header\"><h3 class=\"porto-sicon-title\" style=\"\">Fiscal<\/h3><\/div> <!-- header --><div class=\"porto-sicon-description\" style=\"color:#222529;\">Cobrim totes les necessitats de les persones f\u00edsiques i jur\u00eddiques complint la normativa.<\/p>\n<p><strong>SABER M\u00c9S +<\/strong><\/div> <!-- description --><\/div><!-- porto-sicon-box --><\/a>[\/vc_column_inner][\/vc_row_inner][vc_row_inner][vc_column_inner width=\"1\/4\" css=\".vc_custom_1674127921562{padding-top: 0px !important;padding-right: 10px !important;padding-bottom: 0px !important;padding-left: 10px !important;}\"]<a aria-label=\"Laboral\" class=\"porto-sicon-box-link\" href=\"https:\/\/diagonal-assessoraments.es\/servicios\/#area-laboral\"><div class=\"porto-sicon-box  vc_custom_1674201233755 MLH_servicio  wpb_custom_9d269a5422b17003fa43cc006bdd8968 style_2 top-icon\" data-appear-animation=\"fadeInUp\" data-appear-animation-delay=\"100\"><div class=\"porto-sicon-top\"><div class=\"porto-just-icon-wrapper porto-sicon-img  porto-icon-9f5d1cfb45d27d96b50bf473aebba227\" style=\"font-size: 80px;\"><img loading=\"lazy\" decoding=\"async\" class=\"img-icon\" alt=\"Servicio Laboral\" src=\"https:\/\/diagonal-assessoraments.es\/wp-content\/uploads\/2023\/01\/laboral2.png\" width=\"512\" height=\"512\" \/><\/div><\/div><div class=\"porto-sicon-header\"><h3 class=\"porto-sicon-title\" style=\"\">Laboral<\/h3><\/div> <!-- header --><div class=\"porto-sicon-description\" style=\"color:#222529;\">Oferim totes les \u00e0rees de relacions laborals que la seva empresa pugui precisar, mantenint-lo informat.<\/p>\n<p><strong>SABER M\u00c9S +<\/strong><\/div> <!-- description --><\/div><!-- porto-sicon-box --><\/a>[\/vc_column_inner][vc_column_inner width=\"1\/4\" css=\".vc_custom_1674127929146{padding-top: 0px !important;padding-right: 10px !important;padding-bottom: 0px !important;padding-left: 10px !important;}\"]<a aria-label=\"Assegurances\" class=\"porto-sicon-box-link\" href=\"https:\/\/diagonal-assessoraments.es\/servicios\/#seguros-generales\"><div class=\"porto-sicon-box  vc_custom_1674201245465 MLH_servicio  wpb_custom_9d269a5422b17003fa43cc006bdd8968 style_2 top-icon\" data-appear-animation=\"fadeInUp\" data-appear-animation-delay=\"300\"><div class=\"porto-sicon-top\"><div class=\"porto-just-icon-wrapper porto-sicon-img  porto-icon-9f5d1cfb45d27d96b50bf473aebba227\" style=\"font-size: 80px;\"><img loading=\"lazy\" decoding=\"async\" class=\"img-icon\" alt=\"Servicio seguros\" src=\"https:\/\/diagonal-assessoraments.es\/wp-content\/uploads\/2023\/01\/seguros2.png\" width=\"512\" height=\"512\" \/><\/div><\/div><div class=\"porto-sicon-header\"><h3 class=\"porto-sicon-title\" style=\"\">Assegurances<\/h3><\/div> <!-- header --><div class=\"porto-sicon-description\" style=\"color:#222529;\">Assessorem tot tipus de cobertures de riscos particulars i d'empresa en qualsevol tipus de risc.<\/p>\n<p><strong>SABER M\u00c9S +<\/strong><\/div> <!-- description --><\/div><!-- porto-sicon-box --><\/a>[\/vc_column_inner][vc_column_inner width=\"1\/4\" css=\".vc_custom_1674127937378{padding-top: 0px !important;padding-right: 10px !important;padding-bottom: 0px !important;padding-left: 10px !important;}\"]<a aria-label=\"Protecci\u00f3 de dades\" class=\"porto-sicon-box-link\" href=\"https:\/\/diagonal-assessoraments.es\/servicios\/#proteccion-de-datos\"><div class=\"porto-sicon-box  vc_custom_1674636594679 MLH_servicio  wpb_custom_9d269a5422b17003fa43cc006bdd8968 style_2 top-icon\" data-appear-animation=\"fadeInUp\" data-appear-animation-delay=\"600\"><div class=\"porto-sicon-top\"><div class=\"porto-just-icon-wrapper porto-sicon-img  porto-icon-9f5d1cfb45d27d96b50bf473aebba227\" style=\"font-size: 80px;\"><img loading=\"lazy\" decoding=\"async\" class=\"img-icon\" alt=\"Servicio Protecci\u00f3n de datos\" src=\"https:\/\/diagonal-assessoraments.es\/wp-content\/uploads\/2023\/01\/proteccion-de-datos2.png\" width=\"512\" height=\"512\" \/><\/div><\/div><div class=\"porto-sicon-header\"><h3 class=\"porto-sicon-title\" style=\"\">Protecci\u00f3 de dades<\/h3><\/div> <!-- header --><div class=\"porto-sicon-description\" style=\"color:#222529;\">Totes les activitats empresarials han de complir amb la normativa (RGPD i LOPDGDD).<\/p>\n<p><strong>SABER M\u00c9S +<\/strong><\/div> <!-- description --><\/div><!-- porto-sicon-box --><\/a>[\/vc_column_inner][vc_column_inner width=\"1\/4\" css=\".vc_custom_1674127950794{padding-top: 0px !important;padding-right: 10px !important;padding-bottom: 0px !important;padding-left: 10px !important;}\"]<a aria-label=\"Prevenci\u00f3 de riscos laborals\" class=\"porto-sicon-box-link\" href=\"https:\/\/diagonal-assessoraments.es\/servicios\/#riesgos-laborales\"><div class=\"porto-sicon-box  vc_custom_1674201293751 MLH_servicio  wpb_custom_9d269a5422b17003fa43cc006bdd8968 style_2 top-icon\" data-appear-animation=\"fadeInUp\" data-appear-animation-delay=\"900\"><div class=\"porto-sicon-top\"><div class=\"porto-just-icon-wrapper porto-sicon-img  porto-icon-9f5d1cfb45d27d96b50bf473aebba227\" style=\"font-size: 80px;\"><img loading=\"lazy\" decoding=\"async\" class=\"img-icon\" alt=\"Servicio Prevenci\u00f3n de Riesgos Laborales\" src=\"https:\/\/diagonal-assessoraments.es\/wp-content\/uploads\/2023\/01\/prevencion-de-riesgos2.png\" width=\"512\" height=\"512\" \/><\/div><\/div><div class=\"porto-sicon-header\"><h3 class=\"porto-sicon-title\" style=\"\">Prevenci\u00f3 de riscos laborals<\/h3><\/div> <!-- header --><div class=\"porto-sicon-description\" style=\"color:#222529;\">La LPRL t\u00e9 per objecte promoure la seguretat i la salut dels treballadors.<\/p>\n<p><strong>SABER M\u00c9S +<\/strong><\/div> <!-- description --><\/div><!-- porto-sicon-box --><\/a>[\/vc_column_inner][\/vc_row_inner][\/vc_column][\/vc_row]<\/div>[\/vc_column][\/vc_row][vc_row][vc_column]<div class=\"porto-block\" data-id=\"587\"><style>.vc_custom_1673354470472{background-color: #eeeeee !important;}.vc_custom_1673352919320{padding-top: 18vh !important;padding-bottom: 18vh !important;background-image: url(https:\/\/diagonal-assessoraments.es\/wp-content\/uploads\/2023\/01\/presupuesto-scaled.jpg?id=179) !important;background-position: center !important;background-repeat: no-repeat !important;background-size: cover !important;}.vc_custom_1674201358656{margin-bottom: 20px !important;}.vc_custom_1674201372758{margin-bottom: 35px !important;}.vc_custom_1674203247684{margin-bottom: 0px !important;}\/* responsive *\/\r\n@media (min-width: 992px) {\r\n    .section-right-triangle, .section-bottom-triangle-reverse, .section-left-triangle { position: relative; overflow: hidden !important; }\r\n    .section-bottom-triangle:before, .section-right-triangle:before, .section-bottom-triangle-reverse:before, .section-left-triangle:before { content: \"\"; position: absolute; z-index: 6; background: #eeeeee; }\r\n    .section-bottom-triangle:before { top: 100%; height: 10rem; right: 50%; width: 50%; transform-origin: 100% 0; transform: translateY(-50%) skewY(4.7deg); }\r\n    .section-bottom-triangle-reverse:before { top: 100%; height: 10rem; left: 0; width: 50%; transform-origin: 100% 0; transform: translateY(-50%) skewY(-4.7deg); }\r\n    .section-right-triangle:before { top: 0; width: 8rem; height: 50%; right: 0; transform-origin: 50% 50%; transform: translateX(50%) skewX(15deg); }\r\n    .section-left-triangle:before { top: 0; width: 20rem; height: 100%; left: 0; transform-origin: 50% 50%; transform: translateX(-35%) skewX(-28deg); }\r\n}<\/style>[vc_row full_width=\"stretch_row\" no_padding=\"yes\" el_id=\"pressupost\" css=\".vc_custom_1673354470472{background-color: #eeeeee !important;}\" conditional_render=\"%5B%7B%22value_role%22%3A%22administrator%22%7D%5D\" el_class=\"MLH_sectionpresupuesto\"][vc_column width=\"1\/6\" el_class=\"MLH_none\" conditional_render=\"%5B%7B%22value_role%22%3A%22administrator%22%7D%5D\"][\/vc_column][vc_column width=\"1\/3\" el_class=\"MLH_centrado\" conditional_render=\"%5B%7B%22value_role%22%3A%22administrator%22%7D%5D\"][vc_custom_heading text=\"A Diagonal Assessoraments li oferim una atenci\u00f3 personalitzada\" font_container=\"tag:h2|text_align:center\" use_theme_fonts=\"yes\" font_weight=\"700\" animation_delay=\"100\" css=\".vc_custom_1674201358656{margin-bottom: 20px !important;}\" animation_type=\"fadeInUp\"][vc_custom_heading text=\"Sol\u00b7liciti el seu pressupost a trav\u00e9s del nostre formulari\" font_container=\"tag:p|font_size:20px|text_align:center\" use_theme_fonts=\"yes\" font_weight=\"300\" animation_delay=\"400\" css=\".vc_custom_1674201372758{margin-bottom: 35px !important;}\" animation_type=\"fadeInUp\"][vc_btn title=\"CONTACTI'NS\" color=\"white\" align=\"center\" i_align=\"right\" i_type=\"material\" i_icon_material=\"vc-material vc-material-keyboard_arrow_right\" skin=\"light\" btn_fs=\"0.9375em\" btn_fw=\"600\" btn_ls=\"0\" el_cls=\"text-body\" animation_delay=\"700\" add_icon=\"true\" link=\"url:https%3A%2F%2Fdiagonal-assessoraments.es%2Fca%2Fcontacte%2F|title:SABER%20M%C3%89S|\" btn_px=\"2.533em\" btn_py=\"1.266em\" el_class=\"MLH_boton\" css=\".vc_custom_1674203247684{margin-bottom: 0px !important;}\" animation_type=\"fadeInUp\"][\/vc_column][vc_column width=\"1\/2\" el_class=\"section-left-triangle\" css=\".vc_custom_1673352919320{padding-top: 18vh !important;padding-bottom: 18vh !important;background-image: url(https:\/\/diagonal-assessoraments.es\/wp-content\/uploads\/2023\/01\/presupuesto-scaled.jpg?id=179) !important;background-position: center !important;background-repeat: no-repeat !important;background-size: cover !important;}\" conditional_render=\"%5B%7B%22value_role%22%3A%22administrator%22%7D%5D\"][\/vc_column][\/vc_row]<\/div>[\/vc_column][\/vc_row]<\/p>\n<\/div>","protected":false},"excerpt":{"rendered":"<p>[vc_row full_width=&#8221;stretch_row&#8221; conditional_render=&#8221;%5B%7B%22value_role%22%3A%22administrator%22%7D%5D&#8221; css=&#8221;.vc_custom_1673957380666{padding-top: 30px !important;padding-bottom: 30px !important;}&#8221;][vc_column css=&#8221;.vc_custom_1673947792904{padding-top: 25px !important;padding-right: 25px !important;padding-bottom: 25px !important;padding-left: 25px !important;background-position: center !important;background-repeat: no-repeat !important;background-size: cover !important;}&#8221; conditional_render=&#8221;%5B%7B%22value_role%22%3A%22administrator%22%7D%5D&#8221;][vc_custom_heading text=&#8221;Som una empresa de serveis d&#8217;assessorament i gesti\u00f3 d&#8217;empreses des de l&#8217;any 1994 i oferim un servei integral en assessorament fiscal, laboral, comptable, mercantil i jur\u00eddic.&#8221; font_container=&#8221;tag:h2|text_align:center&#8221; use_theme_fonts=&#8221;yes&#8221; font_weight=&#8221;400&#8243; animation_delay=&#8221;100&#8243; css=&#8221;.vc_custom_1674201651716{margin-bottom: [&hellip;]<\/p>\n","protected":false},"author":1,"featured_media":513,"parent":0,"menu_order":0,"comment_status":"closed","ping_status":"closed","template":"","meta":{"_seopress_robots_primary_cat":"","_seopress_titles_title":"","_seopress_titles_desc":"Empresa de serveis d'assessorament i gesti\u00f3 d'empreses des de l'any 1994,","_seopress_robots_index":"","footnotes":""},"class_list":["post-563","page","type-page","status-publish","has-post-thumbnail","hentry"],"_links":{"self":[{"href":"https:\/\/diagonal-assessoraments.es\/ca\/wp-json\/wp\/v2\/pages\/563","targetHints":{"allow":["GET"]}}],"collection":[{"href":"https:\/\/diagonal-assessoraments.es\/ca\/wp-json\/wp\/v2\/pages"}],"about":[{"href":"https:\/\/diagonal-assessoraments.es\/ca\/wp-json\/wp\/v2\/types\/page"}],"author":[{"embeddable":true,"href":"https:\/\/diagonal-assessoraments.es\/ca\/wp-json\/wp\/v2\/users\/1"}],"replies":[{"embeddable":true,"href":"https:\/\/diagonal-assessoraments.es\/ca\/wp-json\/wp\/v2\/comments?post=563"}],"version-history":[{"count":2,"href":"https:\/\/diagonal-assessoraments.es\/ca\/wp-json\/wp\/v2\/pages\/563\/revisions"}],"predecessor-version":[{"id":779,"href":"https:\/\/diagonal-assessoraments.es\/ca\/wp-json\/wp\/v2\/pages\/563\/revisions\/779"}],"wp:featuredmedia":[{"embeddable":true,"href":"https:\/\/diagonal-assessoraments.es\/ca\/wp-json\/wp\/v2\/media\/513"}],"wp:attachment":[{"href":"https:\/\/diagonal-assessoraments.es\/ca\/wp-json\/wp\/v2\/media?parent=563"}],"curies":[{"name":"wp","href":"https:\/\/api.w.org\/{rel}","templated":true}]}}