{"id":560,"date":"2022-05-02T14:23:29","date_gmt":"2022-05-02T13:23:29","guid":{"rendered":"https:\/\/test8.microlabhard.com\/diagonal-assessoraments\/politica-privacitat\/"},"modified":"2023-02-28T11:51:14","modified_gmt":"2023-02-28T10:51:14","slug":"politica-privacitat","status":"publish","type":"page","link":"https:\/\/diagonal-assessoraments.es\/ca\/politica-privacitat\/","title":{"rendered":"Pol\u00edtica de Privacidad y Aviso Legal"},"content":{"rendered":"<div class=\"wpb-content-wrapper\"><p>[vc_row css=&#8221;.vc_custom_1674485133906{padding-top: 50px !important;padding-bottom: 50px !important;}&#8221; conditional_render=&#8221;%5B%7B%22value_role%22%3A%22administrator%22%7D%5D&#8221;][vc_column][vc_column_text]<\/p>\n<h2>I. POL\u00cdTICA DE PRIVACITAT<\/h2>\n<p>En cumplimiento del REGLAMENTO (UE) 2016\/679 DEL PARLAMENTO EUROPEO Y DEL CONSEJO de 27 de Abril de 2016, relativo a la protecci\u00f3n de las personas f\u00edsicas en lo que respecta al tratamiento de datos personales y a la libre circulaci\u00f3n de estos datos, y de la Ley Org\u00e1nica 3\/2018, de 5 de diciembre, de Protecci\u00f3n de Datos Personales y garant\u00eda de los derechos digitales, se le informa que los datos personales proporcionados por usted a trav\u00e9s del sitio web diagonal-assessoraments.es (en adelante el sitio web), ser\u00e1n tratados en los siguientes t\u00e9rminos:<\/p>\n<h2>Responsable del tratamiento<\/h2>\n<p>Los datos personales recabados a trav\u00e9s de este sitio web ser\u00e1n tratados por DIAGONAL ASSESSORAMENTS, S.L.U., con domicilio para el ejercicio de derechos en CL. PABLO IGLESIAS, 21 4\u00ba &#8211; 08908 L&#8217;HOSPITALET DE LLOBREGAT (Barcelona). E-mail: diagonal@diagonal-assessoraments.es.<\/p>\n<h3>Finalidades del tratamiento<\/h3>\n<p style=\"padding-left: 40px;\">\u2022 Informarle acerca de nuestros productos y servicios, cuando as\u00ed lo solicite a trav\u00e9s de los formularios del sitio web o por correo electr\u00f3nico.<br \/>\n\u2022 Dar contestaci\u00f3n y gestionar sus consultas, comentarios y sugerencias, en su caso.<br \/>\n\u2022 Gestionar su participaci\u00f3n en presentes y futuros procesos de selecci\u00f3n, cuando nos haga llegar sus datos (incluido su curr\u00edculo) con dicha finalidad.<br \/>\n\u2022 Con la finalidad de obtener informaci\u00f3n del uso del sitio web, se analizan el n\u00famero de p\u00e1ginas visitadas, el n\u00famero de visitas, as\u00ed como la actividad de los visitantes y su frecuencia de utilizaci\u00f3n. A estos efectos, el RESPONSABLE utiliza informaci\u00f3n estad\u00edstica elaborada por el Proveedor de Servicios de Internet que no permite identificar al interesado en ning\u00fan momento.<\/p>\n<h3>Legitimaci\u00f3n<\/h3>\n<p><em>Consentimiento<\/em>. Los datos personales obtenidos a trav\u00e9s de los formularios del sitio web ser\u00e1n tratados \u00fanicamente en base al consentimiento otorgado por el interesado, a trav\u00e9s de la aceptaci\u00f3n de la casilla dispuesta para tal fin. Este consentimiento puede ser retirado en cualquier momento.<\/p>\n<p><em>Inter\u00e9s leg\u00edtimo del responsable<\/em>. La informaci\u00f3n estad\u00edstica obtenida del sitio web ser\u00e1 tratada en base al inter\u00e9s leg\u00edtimo del responsable. Esta informaci\u00f3n no permite identificar al usuario.<\/p>\n<h3>Destinatarios<\/h3>\n<p>Los datos personales obtenidos a trav\u00e9s del sitio web no ser\u00e1n comunicados a terceros, salvo obligaci\u00f3n legal.<\/p>\n<h3>Conservaci\u00f3n<\/h3>\n<p>Los datos personales facilitados por el usuario para recibir comunicaciones comerciales, ser\u00e1n conservados mientras el interesado no solicite su supresi\u00f3n o retire su consentimiento.<\/p>\n<p>Cuando el usuario env\u00ede sus datos personales para participar en procesos de selecci\u00f3n del RESPONSABLE, los datos ser\u00e1n tratados para participar en presentes procesos de selecci\u00f3n, y si no fuera seleccionado, se conservar\u00e1n sus datos personales durante un periodo de dos a\u00f1os con el fin de poder contar con su participaci\u00f3n en futuros procesos.<\/p>\n<p>Cuando el usuario env\u00ede sus datos para contactar con el RESPONSABLE, realizar consultas o sugerencias, los datos se conservar\u00e1n mientras sea necesario para tal fin y puedan derivarse responsabilidades del tratamiento.<br \/>\nDatos de tr\u00e1fico, estad\u00edsticos y visitas web: los datos ser\u00e1n conservados durante el plazo de tres a\u00f1os.<\/p>\n<h3>Derechos<\/h3>\n<p>Puede ejercer sus derechos de acceso, rectificaci\u00f3n, supresi\u00f3n y portabilidad de sus datos, de limitaci\u00f3n y oposici\u00f3n a su tratamiento, mediante escrito acompa\u00f1ado de documento oficial que le identifique dirigido a DIAGONAL ASSESSORAMENTS, S.L.U. CL. PABLO IGLESIAS, 21 4\u00ba &#8211; 08908 L&#8217;HOSPITALET DE LLOBREGAT (Barcelona). E-mail: diagonal@diagonal-assessoraments.es. En caso de disconformidad con el tratamiento, tambi\u00e9n tiene derecho a presentar una reclamaci\u00f3n ante la Agencia Espa\u00f1ola de Protecci\u00f3n de Datos (www.aepd.es).<\/p>\n<h3>Pol\u00edtica de protecci\u00f3n de menores<\/h3>\n<p>Quien facilita los datos a trav\u00e9s de los formularios de esta Web y acepta su tratamiento declara formalmente ser mayor de 14 a\u00f1os.<\/p>\n<p>Queda prohibido el acceso y uso del portal a los menores de 14 a\u00f1os de edad.<\/p>\n<p>El RESPONSABLE recuerda a las personas mayores de edad que tengan a su cargo menores, que ser\u00e1 de su exclusiva responsabilidad si alg\u00fan menor incorpora sus datos para solicitar alg\u00fan producto.<\/p>\n<p>Tamb\u00e9 els informa que existeixen programes inform\u00e0tics per a delimitar la navegaci\u00f3 mitjan\u00e7ant el filtre o bloqueig a determinats continguts.<\/p>\n<h3>Tratamiento derivado del uso de las redes sociales<\/h3>\n<p>Al seguir nuestro perfil en las redes sociales consiente expresamente el tratamiento de sus datos personales conforme a la pol\u00edtica de privacidad de la correspondiente red social. Igualmente, consiente expresamente el acceso del RESPONSABLE al tratamiento de sus datos contenidos en su perfil y que las noticias publicadas sobre cualquier producto del RESPONSABLE aparezcan en su muro. Su petici\u00f3n para conectar, implica necesariamente su consentimiento para los tratamientos se\u00f1alados, siendo esta la base legal del tratamiento. Los datos se conservar\u00e1n mientras el interesado no solicite su oposici\u00f3n o retire su consentimiento, pudiendo retirar este en cualquier momento.<\/p>\n<p>Los comentarios y contenidos publicados en las redes sociales se convertir\u00e1n en informaci\u00f3n p\u00fablica, por lo que los usuarios deber\u00e1n tener especial cautela cuando decidan compartir su informaci\u00f3n personal. El RESPONSABLE no se hace responsable por la informaci\u00f3n que los usuarios incorporen en la p\u00e1gina. No obstante, las personas cuyos datos personales se encuentren publicados o est\u00e9n incluidos en comentarios, podr\u00e1n solicitar al RESPONSABLE la cancelaci\u00f3n de los mismos.<\/p>\n<h2>II. AV\u00cdS LEGAL <\/h2>\n<h3>Identificaci\u00f3n<\/h3>\n<p>En cumplimiento con el deber de informaci\u00f3n recogido en art\u00edculo 10 de la Ley 34\/2002, de 11 de julio, de Servicios de la Sociedad de la Informaci\u00f3n y del Comercio Electr\u00f3nico, DIAGONAL ASSESSORAMENTS, S.L.U. (DIAGONAL ASSESSORAMENTS, S.L.U), le informa que los datos aqu\u00ed consignados corresponden a la entidad titular del sitio web diagonal-assessoraments.es.<br \/>\n<em>Denominaci\u00f3n<\/em>: DIAGONAL ASSESSORAMENTS, S.L.U.<br \/>\n<em>Domicilio<\/em>: CL. PABLO IGLESIAS, 21 4\u00ba 08908 L&#8217;HOSPITALET DE LLOBREGAT (Barcelona)<br \/>\n<em>Tel\u00e9fon<\/em>: 932081660<br \/>\n<em>Email<\/em>: diagonal@diagonal-assessoraments.es<br \/>\n<em>CIF<\/em>: B60534138<br \/>\n<em>Inscripci\u00f3n registral<\/em>: Registro Mercantil de Barcelona, Tomo 26987, Folio 151, Hoja B 111845<\/p>\n<h3>Propiedad intelectual e industrial<\/h3>\n<p>Todos los derechos de Propiedad Industrial e Intelectual de la totalidad de elementos contenidos en este sitio web, incluidas las marcas comerciales, formatos, dise\u00f1os gr\u00e1ficos, textos, im\u00e1genes y documentos, pertenecen a DIAGONAL ASSESSORAMENTS, S.L.U y se encuentran protegidos por las leyes espa\u00f1olas e internacionales sobre propiedad Intelectual e Industrial. Queda expresamente prohibida la reproducci\u00f3n total o parcial de este sitio Web y de cualquiera de sus contenidos sin el permiso expreso y por escrito de DIAGONAL ASSESSORAMENTS, S.L.U.<\/p>\n<p>El acceso al sitio web no implica ning\u00fan tipo de renuncia, transmisi\u00f3n, licencia o cesi\u00f3n de dichos derechos por parte de DIAGONAL ASSESSORAMENTS, S.L.U, salvo que se establezca expresamente lo contrario.<\/p>\n<h3>Condiciones de uso<\/h3>\n<p>L&#8217;acc\u00e9s a aquest lloc web implica l&#8217;acceptaci\u00f3 d&#8217;aquestes condicions d&#8217;\u00fas sense reserves que regulen l&#8217;acc\u00e9s i la utilitzaci\u00f3 del mateix amb la finalitat de posar a la disposici\u00f3 dels usuaris informaci\u00f3 sobre els nostres productes.<\/p>\n<p>Es prohibeix expressament la utilitzaci\u00f3 dels continguts d&#8217;aquest lloc web per a la seva utilitzaci\u00f3 amb finalitats comercials o per a la seva distribuci\u00f3, transformaci\u00f3 o comunicaci\u00f3.<br \/>\nDIAGONAL ASSESSORAMENTS, S.L.U, no responder\u00e1 de ninguna consecuencia, da\u00f1o o perjuicio que pudieran derivarse de dicha utilizaci\u00f3n o uso de la informaci\u00f3n.<\/p>\n<p>Tant l&#8217;acc\u00e9s a aquesta Web com l&#8217;\u00fas que pugui fer-se de la informaci\u00f3 continguda en la mateixa \u00e9s de l&#8217;exclusiva responsabilitat de qui el realitza.<\/p>\n<p>L&#8217;usuari s&#8217;obliga a no utilitzar la informaci\u00f3 que es publica en aquesta Web amb finalitats o efectes il\u00b7l\u00edcits o lesius, a no danyar o inutilitzar la informaci\u00f3 i a no realitzar qualsevol altra acci\u00f3 que puguin ser contr\u00e0ria al contingut d&#8217;aquest Av\u00eds Legal.<\/p>\n<p>DIAGONAL ASSESSORAMENTS, S.L.U no puede asegurar la inexistencia de interrupciones o errores en el acceso a este sitio Web, aunque pondr\u00e1 sus mayores esfuerzos para evitarlos.<\/p>\n<h3>Enlaces a otras webs<\/h3>\n<p>Els enlla\u00e7os (links) que pot trobar en aquesta Web s\u00f3n un servei als usuaris. Estas p\u00e1ginas no son operadas ni controladas por DIAGONAL ASSESSORAMENTS, S.L.U, por ello, no se hace responsable de los contenidos de esos sitios Web ni est\u00e1n cubiertas por el presente Aviso Legal. Si accedeix a aquestes p\u00e0gines Webs haur\u00e0 de tenir en compte que les seves pol\u00edtiques de privacitat poden ser diferents a la nostra.<\/p>\n<h3>Legislaci\u00f3n aplicable y competencia jurisdiccional<\/h3>\n<p>El present Av\u00eds Legal es regeix per la normativa espanyola vigent que li \u00e9s aplicable.<\/p>\n<p>Para la resoluci\u00f3n de las controversias que pudieran derivarse como consecuencia de lo dispuesto en las presentes disposiciones y sobre su interpretaci\u00f3n, aplicaci\u00f3n y cumplimiento, las partes se someten al fuero correspondiente al domicilio del usuario.[\/vc_column_text][\/vc_column][\/vc_row]<\/p>\n<\/div>","protected":false},"excerpt":{"rendered":"<p>[vc_row css=&#8221;.vc_custom_1674485133906{padding-top: 50px !important;padding-bottom: 50px !important;}&#8221; conditional_render=&#8221;%5B%7B%22value_role%22%3A%22administrator%22%7D%5D&#8221;][vc_column][vc_column_text] I. POL\u00cdTICA DE PRIVACITAT En cumplimiento del REGLAMENTO (UE) 2016\/679 DEL PARLAMENTO EUROPEO Y DEL CONSEJO de 27 de Abril de 2016, relativo a la protecci\u00f3n de las personas f\u00edsicas en lo que respecta al tratamiento de datos personales y a la libre circulaci\u00f3n de estos datos, y [&hellip;]<\/p>\n","protected":false},"author":1,"featured_media":513,"parent":0,"menu_order":0,"comment_status":"closed","ping_status":"closed","template":"","meta":{"_seopress_robots_primary_cat":"","_seopress_titles_title":"","_seopress_titles_desc":"","_seopress_robots_index":"yes","footnotes":""},"class_list":["post-560","page","type-page","status-publish","has-post-thumbnail","hentry"],"_links":{"self":[{"href":"https:\/\/diagonal-assessoraments.es\/ca\/wp-json\/wp\/v2\/pages\/560","targetHints":{"allow":["GET"]}}],"collection":[{"href":"https:\/\/diagonal-assessoraments.es\/ca\/wp-json\/wp\/v2\/pages"}],"about":[{"href":"https:\/\/diagonal-assessoraments.es\/ca\/wp-json\/wp\/v2\/types\/page"}],"author":[{"embeddable":true,"href":"https:\/\/diagonal-assessoraments.es\/ca\/wp-json\/wp\/v2\/users\/1"}],"replies":[{"embeddable":true,"href":"https:\/\/diagonal-assessoraments.es\/ca\/wp-json\/wp\/v2\/comments?post=560"}],"version-history":[{"count":2,"href":"https:\/\/diagonal-assessoraments.es\/ca\/wp-json\/wp\/v2\/pages\/560\/revisions"}],"predecessor-version":[{"id":744,"href":"https:\/\/diagonal-assessoraments.es\/ca\/wp-json\/wp\/v2\/pages\/560\/revisions\/744"}],"wp:featuredmedia":[{"embeddable":true,"href":"https:\/\/diagonal-assessoraments.es\/ca\/wp-json\/wp\/v2\/media\/513"}],"wp:attachment":[{"href":"https:\/\/diagonal-assessoraments.es\/ca\/wp-json\/wp\/v2\/media?parent=560"}],"curies":[{"name":"wp","href":"https:\/\/api.w.org\/{rel}","templated":true}]}}